{"id":1031,"date":"2021-08-19T21:39:03","date_gmt":"2021-08-19T19:39:03","guid":{"rendered":"https:\/\/modellflygklubbar.se\/ostersundstraffen\/?page_id=1031"},"modified":"2022-06-12T23:42:09","modified_gmt":"2022-06-12T21:42:09","slug":"bilder-fran-traffen-1","status":"publish","type":"page","link":"https:\/\/ostersundstraffen.se\/?page_id=1031","title":{"rendered":""},"content":{"rendered":"\n<p><strong>Bilder fr\u00e5n tr\u00e4ffen 2021 (1)<\/strong><br>Bilderna tagan av Bj\u00f6rn Franz\u00e9n, \u00d6MFK<\/p>\n\n\n\n<figure class=\"wp-block-gallery has-nested-images columns-default is-cropped wp-block-gallery-1 is-layout-flex wp-block-gallery-is-layout-flex\">\n<figure class=\"wp-block-image size-large\"><img loading=\"lazy\" decoding=\"async\" width=\"1024\" height=\"680\" data-id=\"1022\" src=\"https:\/\/modellflygklubbar.se\/ostersundstraffen\/wp-content\/uploads\/image-9-1024x680.jpeg\" alt=\"\" class=\"wp-image-1022\" srcset=\"https:\/\/ostersundstraffen.se\/wp-content\/uploads\/image-9-1024x680.jpeg 1024w, https:\/\/ostersundstraffen.se\/wp-content\/uploads\/image-9-300x199.jpeg 300w, https:\/\/ostersundstraffen.se\/wp-content\/uploads\/image-9-768x510.jpeg 768w, https:\/\/ostersundstraffen.se\/wp-content\/uploads\/image-9-1536x1020.jpeg 1536w, https:\/\/ostersundstraffen.se\/wp-content\/uploads\/image-9.jpeg 1608w\" sizes=\"auto, (max-width: 1024px) 100vw, 1024px\" \/><\/figure>\n\n\n\n<figure class=\"wp-block-image size-large\"><img loading=\"lazy\" decoding=\"async\" width=\"1024\" height=\"680\" data-id=\"1020\" src=\"https:\/\/modellflygklubbar.se\/ostersundstraffen\/wp-content\/uploads\/image-7-1024x680.jpeg\" alt=\"\" class=\"wp-image-1020\" srcset=\"https:\/\/ostersundstraffen.se\/wp-content\/uploads\/image-7-1024x680.jpeg 1024w, https:\/\/ostersundstraffen.se\/wp-content\/uploads\/image-7-300x199.jpeg 300w, https:\/\/ostersundstraffen.se\/wp-content\/uploads\/image-7-768x510.jpeg 768w, https:\/\/ostersundstraffen.se\/wp-content\/uploads\/image-7-1536x1020.jpeg 1536w, https:\/\/ostersundstraffen.se\/wp-content\/uploads\/image-7.jpeg 1608w\" sizes=\"auto, (max-width: 1024px) 100vw, 1024px\" \/><\/figure>\n\n\n\n<figure class=\"wp-block-image size-large\"><img loading=\"lazy\" decoding=\"async\" width=\"1024\" height=\"680\" data-id=\"1015\" src=\"https:\/\/modellflygklubbar.se\/ostersundstraffen\/wp-content\/uploads\/image-2-1024x680.jpeg\" alt=\"\" class=\"wp-image-1015\" srcset=\"https:\/\/ostersundstraffen.se\/wp-content\/uploads\/image-2-1024x680.jpeg 1024w, https:\/\/ostersundstraffen.se\/wp-content\/uploads\/image-2-300x199.jpeg 300w, https:\/\/ostersundstraffen.se\/wp-content\/uploads\/image-2-768x510.jpeg 768w, https:\/\/ostersundstraffen.se\/wp-content\/uploads\/image-2-1536x1020.jpeg 1536w, https:\/\/ostersundstraffen.se\/wp-content\/uploads\/image-2.jpeg 1608w\" sizes=\"auto, (max-width: 1024px) 100vw, 1024px\" \/><\/figure>\n\n\n\n<figure class=\"wp-block-image size-large\"><img loading=\"lazy\" decoding=\"async\" width=\"1024\" height=\"680\" data-id=\"1030\" src=\"https:\/\/modellflygklubbar.se\/ostersundstraffen\/wp-content\/uploads\/image-17-1024x680.jpeg\" alt=\"\" class=\"wp-image-1030\" srcset=\"https:\/\/ostersundstraffen.se\/wp-content\/uploads\/image-17-1024x680.jpeg 1024w, https:\/\/ostersundstraffen.se\/wp-content\/uploads\/image-17-300x199.jpeg 300w, https:\/\/ostersundstraffen.se\/wp-content\/uploads\/image-17-768x510.jpeg 768w, https:\/\/ostersundstraffen.se\/wp-content\/uploads\/image-17-1536x1020.jpeg 1536w, https:\/\/ostersundstraffen.se\/wp-content\/uploads\/image-17.jpeg 1608w\" sizes=\"auto, (max-width: 1024px) 100vw, 1024px\" \/><\/figure>\n\n\n\n<figure class=\"wp-block-image size-large\"><img loading=\"lazy\" decoding=\"async\" width=\"1024\" height=\"680\" data-id=\"1018\" src=\"https:\/\/modellflygklubbar.se\/ostersundstraffen\/wp-content\/uploads\/image-5-1024x680.jpeg\" alt=\"\" class=\"wp-image-1018\" srcset=\"https:\/\/ostersundstraffen.se\/wp-content\/uploads\/image-5-1024x680.jpeg 1024w, https:\/\/ostersundstraffen.se\/wp-content\/uploads\/image-5-300x199.jpeg 300w, https:\/\/ostersundstraffen.se\/wp-content\/uploads\/image-5-768x510.jpeg 768w, https:\/\/ostersundstraffen.se\/wp-content\/uploads\/image-5-1536x1020.jpeg 1536w, https:\/\/ostersundstraffen.se\/wp-content\/uploads\/image-5.jpeg 1608w\" sizes=\"auto, (max-width: 1024px) 100vw, 1024px\" \/><\/figure>\n\n\n\n<figure class=\"wp-block-image size-large\"><img loading=\"lazy\" decoding=\"async\" width=\"1024\" height=\"680\" data-id=\"1024\" src=\"https:\/\/modellflygklubbar.se\/ostersundstraffen\/wp-content\/uploads\/image-11-1024x680.jpeg\" alt=\"\" class=\"wp-image-1024\" srcset=\"https:\/\/ostersundstraffen.se\/wp-content\/uploads\/image-11-1024x680.jpeg 1024w, https:\/\/ostersundstraffen.se\/wp-content\/uploads\/image-11-300x199.jpeg 300w, https:\/\/ostersundstraffen.se\/wp-content\/uploads\/image-11-768x510.jpeg 768w, https:\/\/ostersundstraffen.se\/wp-content\/uploads\/image-11-1536x1020.jpeg 1536w, https:\/\/ostersundstraffen.se\/wp-content\/uploads\/image-11.jpeg 1608w\" sizes=\"auto, (max-width: 1024px) 100vw, 1024px\" \/><\/figure>\n\n\n\n<figure class=\"wp-block-image size-large\"><img loading=\"lazy\" decoding=\"async\" width=\"1024\" height=\"680\" data-id=\"1023\" src=\"https:\/\/modellflygklubbar.se\/ostersundstraffen\/wp-content\/uploads\/image-10-1024x680.jpeg\" alt=\"\" class=\"wp-image-1023\" srcset=\"https:\/\/ostersundstraffen.se\/wp-content\/uploads\/image-10-1024x680.jpeg 1024w, https:\/\/ostersundstraffen.se\/wp-content\/uploads\/image-10-300x199.jpeg 300w, https:\/\/ostersundstraffen.se\/wp-content\/uploads\/image-10-768x510.jpeg 768w, https:\/\/ostersundstraffen.se\/wp-content\/uploads\/image-10-1536x1020.jpeg 1536w, https:\/\/ostersundstraffen.se\/wp-content\/uploads\/image-10.jpeg 1608w\" sizes=\"auto, (max-width: 1024px) 100vw, 1024px\" \/><\/figure>\n\n\n\n<figure class=\"wp-block-image size-large\"><img loading=\"lazy\" decoding=\"async\" width=\"1024\" height=\"680\" data-id=\"1021\" src=\"https:\/\/modellflygklubbar.se\/ostersundstraffen\/wp-content\/uploads\/image-8-1024x680.jpeg\" alt=\"\" class=\"wp-image-1021\" srcset=\"https:\/\/ostersundstraffen.se\/wp-content\/uploads\/image-8-1024x680.jpeg 1024w, https:\/\/ostersundstraffen.se\/wp-content\/uploads\/image-8-300x199.jpeg 300w, https:\/\/ostersundstraffen.se\/wp-content\/uploads\/image-8-768x510.jpeg 768w, https:\/\/ostersundstraffen.se\/wp-content\/uploads\/image-8-1536x1020.jpeg 1536w, https:\/\/ostersundstraffen.se\/wp-content\/uploads\/image-8.jpeg 1608w\" sizes=\"auto, (max-width: 1024px) 100vw, 1024px\" \/><\/figure>\n\n\n\n<figure class=\"wp-block-image size-large\"><img loading=\"lazy\" decoding=\"async\" width=\"1024\" height=\"680\" data-id=\"1029\" src=\"https:\/\/modellflygklubbar.se\/ostersundstraffen\/wp-content\/uploads\/image-16-1024x680.jpeg\" alt=\"\" class=\"wp-image-1029\" srcset=\"https:\/\/ostersundstraffen.se\/wp-content\/uploads\/image-16-1024x680.jpeg 1024w, https:\/\/ostersundstraffen.se\/wp-content\/uploads\/image-16-300x199.jpeg 300w, https:\/\/ostersundstraffen.se\/wp-content\/uploads\/image-16-768x510.jpeg 768w, https:\/\/ostersundstraffen.se\/wp-content\/uploads\/image-16-1536x1020.jpeg 1536w, https:\/\/ostersundstraffen.se\/wp-content\/uploads\/image-16.jpeg 1608w\" sizes=\"auto, (max-width: 1024px) 100vw, 1024px\" \/><\/figure>\n\n\n\n<figure class=\"wp-block-image size-large\"><img loading=\"lazy\" decoding=\"async\" width=\"1024\" height=\"680\" data-id=\"1028\" src=\"https:\/\/modellflygklubbar.se\/ostersundstraffen\/wp-content\/uploads\/image-15-1024x680.jpeg\" alt=\"\" class=\"wp-image-1028\" srcset=\"https:\/\/ostersundstraffen.se\/wp-content\/uploads\/image-15-1024x680.jpeg 1024w, https:\/\/ostersundstraffen.se\/wp-content\/uploads\/image-15-300x199.jpeg 300w, https:\/\/ostersundstraffen.se\/wp-content\/uploads\/image-15-768x510.jpeg 768w, https:\/\/ostersundstraffen.se\/wp-content\/uploads\/image-15-1536x1020.jpeg 1536w, https:\/\/ostersundstraffen.se\/wp-content\/uploads\/image-15.jpeg 1608w\" sizes=\"auto, (max-width: 1024px) 100vw, 1024px\" \/><\/figure>\n\n\n\n<figure class=\"wp-block-image size-large\"><img loading=\"lazy\" decoding=\"async\" width=\"1024\" height=\"680\" data-id=\"1026\" src=\"https:\/\/modellflygklubbar.se\/ostersundstraffen\/wp-content\/uploads\/image-13-1024x680.jpeg\" alt=\"\" class=\"wp-image-1026\" srcset=\"https:\/\/ostersundstraffen.se\/wp-content\/uploads\/image-13-1024x680.jpeg 1024w, https:\/\/ostersundstraffen.se\/wp-content\/uploads\/image-13-300x199.jpeg 300w, https:\/\/ostersundstraffen.se\/wp-content\/uploads\/image-13-768x510.jpeg 768w, https:\/\/ostersundstraffen.se\/wp-content\/uploads\/image-13-1536x1020.jpeg 1536w, https:\/\/ostersundstraffen.se\/wp-content\/uploads\/image-13.jpeg 1608w\" sizes=\"auto, (max-width: 1024px) 100vw, 1024px\" \/><\/figure>\n\n\n\n<figure class=\"wp-block-image size-large\"><img loading=\"lazy\" decoding=\"async\" width=\"1024\" height=\"680\" data-id=\"1016\" src=\"https:\/\/modellflygklubbar.se\/ostersundstraffen\/wp-content\/uploads\/image-3-1024x680.jpeg\" alt=\"\" class=\"wp-image-1016\" srcset=\"https:\/\/ostersundstraffen.se\/wp-content\/uploads\/image-3-1024x680.jpeg 1024w, https:\/\/ostersundstraffen.se\/wp-content\/uploads\/image-3-300x199.jpeg 300w, https:\/\/ostersundstraffen.se\/wp-content\/uploads\/image-3-768x510.jpeg 768w, https:\/\/ostersundstraffen.se\/wp-content\/uploads\/image-3-1536x1020.jpeg 1536w, https:\/\/ostersundstraffen.se\/wp-content\/uploads\/image-3.jpeg 1608w\" sizes=\"auto, (max-width: 1024px) 100vw, 1024px\" \/><\/figure>\n\n\n\n<figure class=\"wp-block-image size-large\"><img loading=\"lazy\" decoding=\"async\" width=\"1024\" height=\"680\" data-id=\"1025\" src=\"https:\/\/modellflygklubbar.se\/ostersundstraffen\/wp-content\/uploads\/image-12-1024x680.jpeg\" alt=\"\" class=\"wp-image-1025\" srcset=\"https:\/\/ostersundstraffen.se\/wp-content\/uploads\/image-12-1024x680.jpeg 1024w, https:\/\/ostersundstraffen.se\/wp-content\/uploads\/image-12-300x199.jpeg 300w, https:\/\/ostersundstraffen.se\/wp-content\/uploads\/image-12-768x510.jpeg 768w, https:\/\/ostersundstraffen.se\/wp-content\/uploads\/image-12-1536x1020.jpeg 1536w, https:\/\/ostersundstraffen.se\/wp-content\/uploads\/image-12.jpeg 1608w\" sizes=\"auto, (max-width: 1024px) 100vw, 1024px\" \/><\/figure>\n\n\n\n<figure class=\"wp-block-image size-large\"><img loading=\"lazy\" decoding=\"async\" width=\"1024\" height=\"680\" data-id=\"1027\" src=\"https:\/\/modellflygklubbar.se\/ostersundstraffen\/wp-content\/uploads\/image-14-1024x680.jpeg\" alt=\"\" class=\"wp-image-1027\" srcset=\"https:\/\/ostersundstraffen.se\/wp-content\/uploads\/image-14-1024x680.jpeg 1024w, https:\/\/ostersundstraffen.se\/wp-content\/uploads\/image-14-300x199.jpeg 300w, https:\/\/ostersundstraffen.se\/wp-content\/uploads\/image-14-768x510.jpeg 768w, https:\/\/ostersundstraffen.se\/wp-content\/uploads\/image-14-1536x1020.jpeg 1536w, https:\/\/ostersundstraffen.se\/wp-content\/uploads\/image-14.jpeg 1608w\" sizes=\"auto, (max-width: 1024px) 100vw, 1024px\" \/><\/figure>\n\n\n\n<figure class=\"wp-block-image size-large\"><img loading=\"lazy\" decoding=\"async\" width=\"1024\" height=\"680\" data-id=\"1019\" src=\"https:\/\/modellflygklubbar.se\/ostersundstraffen\/wp-content\/uploads\/image-6-1024x680.jpeg\" alt=\"\" class=\"wp-image-1019\" srcset=\"https:\/\/ostersundstraffen.se\/wp-content\/uploads\/image-6-1024x680.jpeg 1024w, https:\/\/ostersundstraffen.se\/wp-content\/uploads\/image-6-300x199.jpeg 300w, https:\/\/ostersundstraffen.se\/wp-content\/uploads\/image-6-768x510.jpeg 768w, https:\/\/ostersundstraffen.se\/wp-content\/uploads\/image-6-1536x1020.jpeg 1536w, https:\/\/ostersundstraffen.se\/wp-content\/uploads\/image-6.jpeg 1608w\" sizes=\"auto, (max-width: 1024px) 100vw, 1024px\" \/><\/figure>\n\n\n\n<figure class=\"wp-block-image size-large\"><img loading=\"lazy\" decoding=\"async\" width=\"1024\" height=\"680\" data-id=\"1017\" src=\"https:\/\/modellflygklubbar.se\/ostersundstraffen\/wp-content\/uploads\/image-4-1024x680.jpeg\" alt=\"\" class=\"wp-image-1017\" srcset=\"https:\/\/ostersundstraffen.se\/wp-content\/uploads\/image-4-1024x680.jpeg 1024w, https:\/\/ostersundstraffen.se\/wp-content\/uploads\/image-4-300x199.jpeg 300w, https:\/\/ostersundstraffen.se\/wp-content\/uploads\/image-4-768x510.jpeg 768w, https:\/\/ostersundstraffen.se\/wp-content\/uploads\/image-4-1536x1020.jpeg 1536w, https:\/\/ostersundstraffen.se\/wp-content\/uploads\/image-4.jpeg 1608w\" sizes=\"auto, (max-width: 1024px) 100vw, 1024px\" \/><\/figure>\n\n\n\n<figure class=\"wp-block-image size-large\"><img loading=\"lazy\" decoding=\"async\" width=\"1024\" height=\"680\" data-id=\"1014\" src=\"https:\/\/modellflygklubbar.se\/ostersundstraffen\/wp-content\/uploads\/image-1-1024x680.jpeg\" alt=\"\" class=\"wp-image-1014\" srcset=\"https:\/\/ostersundstraffen.se\/wp-content\/uploads\/image-1-1024x680.jpeg 1024w, https:\/\/ostersundstraffen.se\/wp-content\/uploads\/image-1-300x199.jpeg 300w, https:\/\/ostersundstraffen.se\/wp-content\/uploads\/image-1-768x510.jpeg 768w, https:\/\/ostersundstraffen.se\/wp-content\/uploads\/image-1-1536x1020.jpeg 1536w, https:\/\/ostersundstraffen.se\/wp-content\/uploads\/image-1.jpeg 1608w\" sizes=\"auto, (max-width: 1024px) 100vw, 1024px\" \/><\/figure>\n<\/figure>\n\n\n\n<p><\/p>\n","protected":false},"excerpt":{"rendered":"<p>Bilder fr\u00e5n tr\u00e4ffen 2021 (1)Bilderna tagan av Bj\u00f6rn Franz\u00e9n, \u00d6MFK<\/p>\n","protected":false},"author":1,"featured_media":553,"parent":0,"menu_order":0,"comment_status":"closed","ping_status":"closed","template":"template-fullwidth.php","meta":{"footnotes":""},"class_list":["post-1031","page","type-page","status-publish","has-post-thumbnail","hentry"],"acf":[],"_links":{"self":[{"href":"https:\/\/ostersundstraffen.se\/index.php?rest_route=\/wp\/v2\/pages\/1031","targetHints":{"allow":["GET"]}}],"collection":[{"href":"https:\/\/ostersundstraffen.se\/index.php?rest_route=\/wp\/v2\/pages"}],"about":[{"href":"https:\/\/ostersundstraffen.se\/index.php?rest_route=\/wp\/v2\/types\/page"}],"author":[{"embeddable":true,"href":"https:\/\/ostersundstraffen.se\/index.php?rest_route=\/wp\/v2\/users\/1"}],"replies":[{"embeddable":true,"href":"https:\/\/ostersundstraffen.se\/index.php?rest_route=%2Fwp%2Fv2%2Fcomments&post=1031"}],"version-history":[{"count":7,"href":"https:\/\/ostersundstraffen.se\/index.php?rest_route=\/wp\/v2\/pages\/1031\/revisions"}],"predecessor-version":[{"id":1218,"href":"https:\/\/ostersundstraffen.se\/index.php?rest_route=\/wp\/v2\/pages\/1031\/revisions\/1218"}],"wp:featuredmedia":[{"embeddable":true,"href":"https:\/\/ostersundstraffen.se\/index.php?rest_route=\/wp\/v2\/media\/553"}],"wp:attachment":[{"href":"https:\/\/ostersundstraffen.se\/index.php?rest_route=%2Fwp%2Fv2%2Fmedia&parent=1031"}],"curies":[{"name":"wp","href":"https:\/\/api.w.org\/{rel}","templated":true}]}}