{"id":1228,"date":"2022-06-18T22:11:22","date_gmt":"2022-06-18T20:11:22","guid":{"rendered":"https:\/\/modellflygklubbar.se\/ostersundstraffen\/?page_id=1228"},"modified":"2026-02-10T20:41:19","modified_gmt":"2026-02-10T19:41:19","slug":"1228-2","status":"publish","type":"page","link":"https:\/\/ostersundstraffen.se\/?page_id=1228","title":{"rendered":"2023 &#8211; program"},"content":{"rendered":"\n<p class=\"has-medium-font-size\">Programpunkter under f\u00f6rra \u00e5rets tr\u00e4ff&#8230;H\u00e4r kommer vi att publicera planerna f\u00f6r 2024 n\u00e4r vi n\u00e5tt lite l\u00e4ngre in planeringen.<\/p>\n\n\n\n<p class=\"has-medium-font-size\"><strong>2023<\/strong><\/p>\n\n\n\n<p><strong>T\u00e5rtkalas<\/strong>: Med anledning av \u00d6stersundstr\u00e4ffens 15-\u00e5rsjubilum kommer vi att bjuda deltagarna p\u00e5 kaffe och t\u00e5rta n\u00e5gon dag under tr\u00e4ffen.<\/p>\n\n\n\n<p><strong>Gemensam middag<\/strong>: Traditionsenlig middag kommer att h\u00e5llas p\u00e5 l\u00f6rdagskv\u00e4llen i Tekniklands restaurang.<\/p>\n\n\n\n<p><s><strong>Flygtur i Saab Safir<\/strong>: Vi lottar ut en flygtur med det klassiska flygplanet Saab Safir. Tidigare \u00e5r har det varit m\u00f6jligt f\u00f6r vinnaren att v\u00e4lja mellan ett aerobatic-pass eller lugnt rundflyg. I \u00e5r har vi ingen aerobaticm\u00f6jlighet men en flygtur i Safiren \u00f6ver det vackra j\u00e4mtl\u00e4ndska landskapet blir en toppenupplevelse.<\/s> Inst\u00e4llt p g a ingen pilot tillg\u00e4nglig.<\/p>\n\n\n\n<p><strong>Landskamp<\/strong>: Liksom tidiage \u00e5r inneh\u00e5ller \u00e4ven \u00e5rets tr\u00e4ff en landskamp mellan Norge och Sverige. I \u00e5r kommer vi att ha flera delmoment spridda fr\u00e5n torsdag till l\u00f6rdag och vinnande lag koras under den gemensamma middagen p\u00e5 l\u00f6rdag kv\u00e4ll<\/p>\n\n\n\n<p><strong>Segelflyg:<\/strong> VI inbjuder till en enkel segelflygt\u00e4vling. Klubben k\u00f6r varje \u00e5r en egen lokal serie med t\u00e4vlingar som korar \u00e5rets klubbm\u00e4stare. Vi kommer att placera en av delt\u00e4vlingarna under tr\u00e4ffen och \u00f6ppnar den delt\u00e4vlingen f\u00f6r alla deltagare p\u00e5 tr\u00e4ffen. Vi k\u00f6r en del p\u00e5 fredagen och en del p\u00e5 l\u00f6rdagen. F\u00f6r t\u00e4vlande inom klubbm\u00e4sterskapet g\u00e4ller att flygplanet skall klassa in enligt RES-reglerna (Rudder, Elevator, Spoiler), <a rel=\"noreferrer noopener\" href=\"https:\/\/modellflygklubbar.se\/ostersundstraffen\/wp-content\/uploads\/F3-RES.pdf\" target=\"_blank\">se l\u00e4nkad info<\/a>. F\u00f6r \u00f6vrigt deltagande i tr\u00e4ffens 2 t\u00e4vlingspass \u00e4r alla typer av segelflygplan kvalificerade.<\/p>\n\n\n\n<p><strong>Publikens pris:<\/strong> Publik och bes\u00f6kare r\u00f6star fram n\u00e5gon av de delatagande modellerna till vinnare av publikens pris som kommer att delas ut under middagen p\u00e5 l\u00f6rdag kv\u00e4ll.<\/p>\n\n\n\n<p><strong>Uppvisningspass f\u00f6r publik: <\/strong>Tanken \u00e4r att vi koncentrerar s\u00e4rskilt &#8221;publikv\u00e4nligt&#8221; flyg i ett par pass, fredag och l\u00f6rdag, om ca en timme vardera<strong> kl 13-14<\/strong>. Vi s\u00e4tter ihop inneh\u00e5llet i dessa pass under tr\u00e4ffen utifr\u00e5n l\u00e4mpliga piloter\/flygplan.<\/p>\n\n\n\n<p><strong>Nostalgiflyg: <\/strong>Vi g\u00f6r ett pass med lite \u00e4ldre klassiska modellflygplan. Om du har n\u00e5got i den h\u00e4r kategorin s\u00e5 ta med och flyg med andra &#8221;nostalgiker&#8221;.<\/p>\n\n\n\n<p><strong>Cub-event<\/strong>: Om det blir tillr\u00e4ckligt m\u00e5nga deltagare med modeller av Piper Cub (alla varianter) kommer vi att g\u00f6ra arrangera n\u00e5ron form av enkel t\u00e4vling.<\/p>\n\n\n\n<figure class=\"wp-block-gallery has-nested-images columns-default is-cropped wp-block-gallery-1 is-layout-flex wp-block-gallery-is-layout-flex\">\n<figure class=\"wp-block-image size-full is-resized\"><img loading=\"lazy\" decoding=\"async\" width=\"640\" height=\"480\" data-id=\"1257\" src=\"https:\/\/modellflygklubbar.se\/ostersundstraffen\/wp-content\/uploads\/IMG_2241.jpeg\" alt=\"\" class=\"wp-image-1257\" style=\"width:360px;height:270px\" srcset=\"https:\/\/ostersundstraffen.se\/wp-content\/uploads\/IMG_2241.jpeg 640w, https:\/\/ostersundstraffen.se\/wp-content\/uploads\/IMG_2241-300x225.jpeg 300w, https:\/\/ostersundstraffen.se\/wp-content\/uploads\/IMG_2241-125x94.jpeg 125w\" sizes=\"auto, (max-width: 640px) 100vw, 640px\" \/><\/figure>\n\n\n\n<figure class=\"wp-block-image size-full\"><img loading=\"lazy\" decoding=\"async\" width=\"640\" height=\"480\" data-id=\"1256\" src=\"https:\/\/modellflygklubbar.se\/ostersundstraffen\/wp-content\/uploads\/IMG_2235.jpeg\" alt=\"\" class=\"wp-image-1256\" srcset=\"https:\/\/ostersundstraffen.se\/wp-content\/uploads\/IMG_2235.jpeg 640w, https:\/\/ostersundstraffen.se\/wp-content\/uploads\/IMG_2235-300x225.jpeg 300w, https:\/\/ostersundstraffen.se\/wp-content\/uploads\/IMG_2235-125x94.jpeg 125w\" sizes=\"auto, (max-width: 640px) 100vw, 640px\" \/><\/figure>\n<\/figure>\n","protected":false},"excerpt":{"rendered":"<p>Programpunkter under f\u00f6rra \u00e5rets tr\u00e4ff&#8230;H\u00e4r kommer vi att publicera planerna f\u00f6r 2024 n\u00e4r vi n\u00e5tt lite l\u00e4ngre in planeringen. 2023 T\u00e5rtkalas: Med anledning av \u00d6stersundstr\u00e4ffens 15-\u00e5rsjubilum kommer vi att bjuda &#8230;<\/p>\n","protected":false},"author":2,"featured_media":0,"parent":0,"menu_order":0,"comment_status":"closed","ping_status":"closed","template":"template-fullwidth.php","meta":{"footnotes":""},"class_list":["post-1228","page","type-page","status-publish","hentry"],"acf":[],"_links":{"self":[{"href":"https:\/\/ostersundstraffen.se\/index.php?rest_route=\/wp\/v2\/pages\/1228","targetHints":{"allow":["GET"]}}],"collection":[{"href":"https:\/\/ostersundstraffen.se\/index.php?rest_route=\/wp\/v2\/pages"}],"about":[{"href":"https:\/\/ostersundstraffen.se\/index.php?rest_route=\/wp\/v2\/types\/page"}],"author":[{"embeddable":true,"href":"https:\/\/ostersundstraffen.se\/index.php?rest_route=\/wp\/v2\/users\/2"}],"replies":[{"embeddable":true,"href":"https:\/\/ostersundstraffen.se\/index.php?rest_route=%2Fwp%2Fv2%2Fcomments&post=1228"}],"version-history":[{"count":33,"href":"https:\/\/ostersundstraffen.se\/index.php?rest_route=\/wp\/v2\/pages\/1228\/revisions"}],"predecessor-version":[{"id":1507,"href":"https:\/\/ostersundstraffen.se\/index.php?rest_route=\/wp\/v2\/pages\/1228\/revisions\/1507"}],"wp:attachment":[{"href":"https:\/\/ostersundstraffen.se\/index.php?rest_route=%2Fwp%2Fv2%2Fmedia&parent=1228"}],"curies":[{"name":"wp","href":"https:\/\/api.w.org\/{rel}","templated":true}]}}