{"id":8,"date":"2017-04-12T22:28:07","date_gmt":"2017-04-12T20:28:07","guid":{"rendered":"http:\/\/localhost\/ope\/?page_id=8"},"modified":"2021-08-09T20:02:45","modified_gmt":"2021-08-09T18:02:45","slug":"om-oss","status":"publish","type":"page","link":"https:\/\/ostersundstraffen.se\/?page_id=8","title":{"rendered":"Flygomr\u00e5de"},"content":{"rendered":"\n<p class=\"has-medium-font-size\"><span style=\"color: #ff0000;\"><strong>SENASTE NYTT &#8211; SENASTE NYTT -SENASTE NYTT<\/strong><\/span><\/p>\n\n\n\n<p><strong>OBS!<\/strong> Med anledning av att tr\u00e4ffen i \u00e5r lockat relativt f\u00e5 deltagare har vi i kv\u00e4ll ( 2021-08-09) beslutat att inte anv\u00e4nda stora asfaltbanan utan vi l\u00e4gger tr\u00e4ffen p\u00e5 v\u00e5rat klubbf\u00e4lt. Vi tror att vi p\u00e5 s\u00e5 s\u00e4tt f\u00e5r en gemytligare helg och v\u00e5rt f\u00e4lt fungerar f\u00f6r det mesta i flygv\u00e4g, m\u00f6jligen riktigt stora jetmodeller undantagna.<\/p>\n\n\n\n<p>Det kommer att finnas m\u00f6jlighet till dusch och torrdass i anslutning till f\u00e4ltet. Vi kan ocks\u00e5 nyttja dusch och toa p\u00e5 motroflygklubben och Teknikland.<\/p>\n\n\n\n<p>Vi planerar f\u00f6r lite gemensamma aktivitet p\u00e5 fredag kv\u00e4ll och l\u00f6rdag kv\u00e4ll.&nbsp;<\/p>\n\n\n\n<p><strong> F\u00e4ltet disponeras f\u00f6r tr\u00e4ffen fr\u00e5n torsdag \u00a0kl 09:00 till s\u00f6ndag \u00a0kl 13:00<\/strong><\/p>\n\n\n\n<p>F\u00e4ltet medger flygning med alla typer av modellflyg, jet (med undantag av de allra st\u00f6rsta jetmodellerna), hkp, flygplan.<\/p>\n\n\n\n<p><\/p>\n\n\n\n<h2 class=\"wp-block-heading\">&nbsp;<\/h2>\n\n\n\n<h2 class=\"wp-block-heading\">&nbsp;<\/h2>\n\n\n\n<p><\/p>\n","protected":false},"excerpt":{"rendered":"<p>SENASTE NYTT &#8211; SENASTE NYTT -SENASTE NYTT OBS! Med anledning av att tr\u00e4ffen i \u00e5r lockat relativt f\u00e5 deltagare har vi i kv\u00e4ll ( 2021-08-09) beslutat att inte anv\u00e4nda stora &#8230;<\/p>\n","protected":false},"author":1,"featured_media":986,"parent":0,"menu_order":0,"comment_status":"closed","ping_status":"closed","template":"template-fullwidth.php","meta":{"footnotes":""},"class_list":["post-8","page","type-page","status-publish","has-post-thumbnail","hentry"],"acf":[],"_links":{"self":[{"href":"https:\/\/ostersundstraffen.se\/index.php?rest_route=\/wp\/v2\/pages\/8","targetHints":{"allow":["GET"]}}],"collection":[{"href":"https:\/\/ostersundstraffen.se\/index.php?rest_route=\/wp\/v2\/pages"}],"about":[{"href":"https:\/\/ostersundstraffen.se\/index.php?rest_route=\/wp\/v2\/types\/page"}],"author":[{"embeddable":true,"href":"https:\/\/ostersundstraffen.se\/index.php?rest_route=\/wp\/v2\/users\/1"}],"replies":[{"embeddable":true,"href":"https:\/\/ostersundstraffen.se\/index.php?rest_route=%2Fwp%2Fv2%2Fcomments&post=8"}],"version-history":[{"count":32,"href":"https:\/\/ostersundstraffen.se\/index.php?rest_route=\/wp\/v2\/pages\/8\/revisions"}],"predecessor-version":[{"id":988,"href":"https:\/\/ostersundstraffen.se\/index.php?rest_route=\/wp\/v2\/pages\/8\/revisions\/988"}],"wp:featuredmedia":[{"embeddable":true,"href":"https:\/\/ostersundstraffen.se\/index.php?rest_route=\/wp\/v2\/media\/986"}],"wp:attachment":[{"href":"https:\/\/ostersundstraffen.se\/index.php?rest_route=%2Fwp%2Fv2%2Fmedia&parent=8"}],"curies":[{"name":"wp","href":"https:\/\/api.w.org\/{rel}","templated":true}]}}