{"id":821,"date":"2021-03-30T13:00:34","date_gmt":"2021-03-30T11:00:34","guid":{"rendered":"https:\/\/modellflygklubbar.se\/ostersundstraffen\/?page_id=821"},"modified":"2026-02-10T21:11:01","modified_gmt":"2026-02-10T20:11:01","slug":"anmalningsformular-2","status":"publish","type":"page","link":"https:\/\/ostersundstraffen.se\/?page_id=821","title":{"rendered":"&#8211;"},"content":{"rendered":"\n<p><strong>Anm\u00e4lningsformul\u00e4r<\/strong> \u00d6stersundstr\u00e4ffen 2026<\/p>\n\n\n\n<p><br>Om du skickar med en bild p\u00e5 din favoritmodell till\u00e5ter du ocks\u00e5 att vi publicerar den p\u00e5 tr\u00e4ffens hemsida. I och med att du anm\u00e4ler dig till tr\u00e4ffen godk\u00e4nner du ocks\u00e5 att vi publicerar ditt namn och ort p\u00e5 deltagarlistan.<\/p>\n\n\n\n<p>F\u00f6r tr\u00e4ffen kommer vi att ta ut en pilotavgift f\u00f6r hela tr\u00e4ffen och en campingavgift f\u00f6r husbil\/husvagn\/t\u00e4lt inkl el. Betalning sker p\u00e5 plats via Swish eller kontant\/kort.<\/p>\n\n\n\n<p><strong>Pilotavgift:<\/strong> 200 kr f\u00f6r hela tr\u00e4ffen<br><strong>Campingavgift:<\/strong> 200 kr f\u00f6r hela helgen<\/p>\n\n\n\n<hr class=\"wp-block-separator has-alpha-channel-opacity is-style-wide\"\/>\n\n\n\n<p><\/p>\n\n\n\n<div class=\"wrap pdb-signup pdb-instance-2\" >\n\n    <form method=\"post\" enctype=\"multipart\/form-data\"  autocomplete=\"off\" action=\"\/index.php?rest_route=%2Fwp%2Fv2%2Fpages%2F821\" ><input name=\"action\" type=\"hidden\" value=\"signup\" \/>\n\n<input name=\"subsource\" type=\"hidden\" value=\"participants-database\" \/>\n\n<input name=\"shortcode_page\" type=\"hidden\" value=\"\/index.php?rest_route=%2Fwp%2Fv2%2Fpages%2F821\" \/>\n\n<input name=\"thanks_page\" type=\"hidden\" value=\"https:\/\/ostersundstraffen.se\/?page_id=1513\" \/>\n\n<input name=\"instance_index\" type=\"hidden\" value=\"2\" \/>\n\n<input name=\"pdb_data_keys\" type=\"hidden\" value=\"1.2.3.7.4.6.8.9.10.20.21.22.24.27.25.11.30\" \/>\n\n<input name=\"session_hash\" type=\"hidden\" value=\"e54fe8c124\" \/>\n\n    <table class=\"form-table pdb-signup\">\n\n      \n      <tbody class=\"field-group field-group-main\">\n        \n                \n        \n        <tr class=\"text-line first_name-input-group\">\n\n          <th for=\"pdb-first_name-2\">F\u00f6rnamn *<\/th>\n\n          <td>\n\n            <input name=\"first_name\" id=\"pdb-first_name-2\" class=\"required-field regular-text\" type=\"text\" value=\"\" \/>\n\n                        \n          <\/td>\n\n        <\/tr>\n  \n        \n        <tr class=\"text-line last_name-input-group\">\n\n          <th for=\"pdb-last_name-2\">Efternamn *<\/th>\n\n          <td>\n\n            <input name=\"last_name\" id=\"pdb-last_name-2\" class=\"required-field regular-text\" type=\"text\" value=\"\" \/>\n\n                        \n          <\/td>\n\n        <\/tr>\n  \n        \n        <tr class=\"text-line address-input-group\">\n\n          <th for=\"pdb-address-2\">Address *<\/th>\n\n          <td>\n\n            <input name=\"address\" id=\"pdb-address-2\" class=\"required-field regular-text\" type=\"text\" value=\"\" \/>\n\n                        \n          <\/td>\n\n        <\/tr>\n  \n        \n        <tr class=\"text-line zip-input-group\">\n\n          <th for=\"pdb-zip-2\">Postnummer<\/th>\n\n          <td>\n\n            <input name=\"zip\" id=\"pdb-zip-2\" class=\" regular-text\" type=\"text\" value=\"\" \/>\n\n                        \n          <\/td>\n\n        <\/tr>\n  \n        \n        <tr class=\"text-line city-input-group\">\n\n          <th for=\"pdb-city-2\">Ort *<\/th>\n\n          <td>\n\n            <input name=\"city\" id=\"pdb-city-2\" class=\"required-field regular-text\" type=\"text\" value=\"\" \/>\n\n                        \n          <\/td>\n\n        <\/tr>\n  \n        \n        <tr class=\"text-line country-input-group\">\n\n          <th for=\"pdb-country-2\">Land *<\/th>\n\n          <td>\n\n            <input name=\"country\" id=\"pdb-country-2\" class=\"required-field regular-text\" type=\"text\" value=\"Sverige\" \/>\n\n                        \n          <\/td>\n\n        <\/tr>\n  \n        \n        <tr class=\"text-line phone-input-group\">\n\n          <th for=\"pdb-phone-2\">Mobilnummer<\/th>\n\n          <td>\n\n            <input name=\"phone\" id=\"pdb-phone-2\" class=\" regular-text\" type=\"text\" value=\"\" \/>\n\n                        \n          <\/td>\n\n        <\/tr>\n  \n        \n        <tr class=\"text-line email-input-group\">\n\n          <th for=\"pdb-email-2\">E-post *<\/th>\n\n          <td>\n\n            <input name=\"email\" id=\"pdb-email-2\" class=\"required-field regular-text\" type=\"text\" value=\"\" \/>\n\n                        \n          <\/td>\n\n        <\/tr>\n  \n        \n        <tr class=\"radio mailing_list-input-group\">\n\n          <th for=\"pdb-mailing_list-2\">E-postlista<\/th>\n\n          <td>\n\n            <div class=\"radio-group\">\n<fieldset class=\"no-border\">\n<legend class=\"screen-reader-text\">E-postlista<\/legend>\n<label for=\"pdb-mailing_list-ja-2\">\n<input name=\"mailing_list\" checked=\"checked\" id=\"pdb-mailing_list-ja-2\" type=\"radio\" value=\"Ja\" \/>\nJa<\/label>\n<label for=\"pdb-mailing_list-nej-2\">\n<input name=\"mailing_list\" id=\"pdb-mailing_list-nej-2\" type=\"radio\" value=\"Nej\" \/>\nNej<\/label>\n<\/fieldset><!-- .no-border --><\/div><!-- .radio-group -->\n\n                        <span class=\"helptext\">Vill du ha uppdateringar om tr\u00e4ffen till din e-post?<\/span>\n                        \n          <\/td>\n\n        <\/tr>\n  \n        \n        <tr class=\"radio eu_operat\u00f6rs_id-input-group\">\n\n          <th for=\"pdb-eu_operat\u00f6rs_id-2\">EU-Op ID *<\/th>\n\n          <td>\n\n            <div class=\"radio-group\">\n<fieldset class=\"no-border\">\n<legend class=\"screen-reader-text\">EU-Op ID *<\/legend>\n<label class=\"required-field\" for=\"pdb-eu_operatrs_id-har-op-id-2\">\n<input name=\"eu_operat\u00f6rs_id\" checked=\"checked\" id=\"pdb-eu_operatrs_id-har-op-id-2\" class=\"required-field\" type=\"radio\" value=\"Har Op-ID\" \/>\nHar Op-ID<\/label>\n<label class=\"required-field\" for=\"pdb-eu_operatrs_id-saknar-op-id-2\">\n<input name=\"eu_operat\u00f6rs_id\" id=\"pdb-eu_operatrs_id-saknar-op-id-2\" class=\"required-field\" type=\"radio\" value=\"Saknar Op-ID\" \/>\nSaknar Op-ID<\/label>\n<\/fieldset><!-- .no-border --><\/div><!-- .radio-group -->\n\n                        \n          <\/td>\n\n        <\/tr>\n  \n        \n        <tr class=\"multi-checkbox f\u00f6rs\u00e4kring-input-group\">\n\n          <th for=\"pdb-f\u00f6rs\u00e4kring-2\">F\u00f6rs\u00e4kring *<\/th>\n\n          <td>\n\n            <div class=\"multicheckbox\">\n<input name=\"f\u00f6rs\u00e4kring[]\" id=\"pdb-f\u00f6rs\u00e4kring-2-default\" class=\"required-field\" type=\"hidden\" value=\"\" \/>\n<div class=\"checkbox-group\">\n<fieldset class=\"no-border\">\n<legend class=\"screen-reader-text\">F\u00f6rs\u00e4kring *<\/legend>\n<label class=\"required-field\" for=\"pdb-frskring-rcff-2\">\n<input name=\"f\u00f6rs\u00e4kring[]\" id=\"pdb-frskring-rcff-2\" class=\"required-field\" type=\"checkbox\" value=\"RCFF\" \/>\nRCFF<\/label>\n<label class=\"required-field\" for=\"pdb-frskring-smff-2\">\n<input name=\"f\u00f6rs\u00e4kring[]\" id=\"pdb-frskring-smff-2\" class=\"required-field\" type=\"checkbox\" value=\"SMFF\" \/>\nSMFF<\/label>\n<label class=\"required-field\" for=\"pdb-frskring-annanegen-2\">\n<input name=\"f\u00f6rs\u00e4kring[]\" id=\"pdb-frskring-annanegen-2\" class=\"required-field\" type=\"checkbox\" value=\"Annan\/egen\" \/>\nAnnan\/egen<\/label>\n<\/fieldset><!-- .no-border --><\/div><!-- .checkbox-group -->\n<\/div>\n\n                        \n          <\/td>\n\n        <\/tr>\n  \n        \n        <tr class=\"multi-checkbox godk\u00e4nner_lagring-input-group\">\n\n          <th for=\"pdb-godk\u00e4nner_lagring-2\">Godk\u00e4nner lagring *<\/th>\n\n          <td>\n\n            <div class=\"multicheckbox\">\n<input name=\"godk\u00e4nner_lagring[]\" id=\"pdb-godk\u00e4nner_lagring-2-default\" class=\"required-field\" type=\"hidden\" value=\"\" \/>\n<div class=\"checkbox-group\">\n<fieldset class=\"no-border\">\n<legend class=\"screen-reader-text\">Godk\u00e4nner lagring *<\/legend>\n<label class=\"required-field\" for=\"pdb-godknner_lagring-jag-godknner-att-mina-uppgifter-sparas-och-anvnds-fr-administration-av-trffen-inkl-deltagarlistan-p-hemsidan-2\">\n<input name=\"godk\u00e4nner_lagring[]\" id=\"pdb-godknner_lagring-jag-godknner-att-mina-uppgifter-sparas-och-anvnds-fr-administration-av-trffen-inkl-deltagarlistan-p-hemsidan-2\" class=\"required-field\" type=\"checkbox\" value=\"Jag godk\u00e4nner att mina uppgifter sparas och anv\u00e4nds f\u00f6r administration av tr\u00e4ffen inkl deltagarlistan p\u00e5 hemsidan.\" \/>\nJag godk\u00e4nner att mina uppgifter sparas och anv\u00e4nds f\u00f6r administration av tr\u00e4ffen inkl deltagarlistan p\u00e5 hemsidan.<\/label>\n<\/fieldset><!-- .no-border --><\/div><!-- .checkbox-group -->\n<\/div>\n\n                        \n          <\/td>\n\n        <\/tr>\n  \n        \n        <tr class=\"multi-select-other boende-input-group\">\n\n          <th for=\"pdb-boende-2\">Boende<\/th>\n\n          <td>\n\n            <div class=\"selectother checkbox-other-control-group\">\n<input name=\"boende[]\" id=\"pdb-boende-2-default\" type=\"hidden\" value=\"\" \/>\n<div class=\"checkbox-group\">\n<fieldset class=\"no-border\">\n<legend class=\"screen-reader-text\">Boende<\/legend>\n<label for=\"pdb-boende-husvagn-2\">\n<input name=\"boende[]\" id=\"pdb-boende-husvagn-2\" type=\"checkbox\" value=\"Husvagn\" \/>\nHusvagn<\/label>\n<label for=\"pdb-boende-husbil-2\">\n<input name=\"boende[]\" id=\"pdb-boende-husbil-2\" type=\"checkbox\" value=\"Husbil\" \/>\nHusbil<\/label>\n<label for=\"pdb-boende-tlt-2\">\n<input name=\"boende[]\" id=\"pdb-boende-tlt-2\" type=\"checkbox\" value=\"T\u00e4lt\" \/>\nT\u00e4lt<\/label>\n<div class=\"othercontrol\">\n<label for=\"pdb-boende-2_otherselect\">\n<input type=\"checkbox\" name=\"pdb-otherselector\" value=\"other\" id=\"pdb-boende-2_otherselect\" class=\"otherselect\" \/>\nother:\n<\/label>\n<input type=\"text\" name=\"boende[other]\" value=\"\" id=\"pdb-boende-2_other\" class=\"otherfield\" \/>\n<\/div><!-- .othercontrol -->\n<\/fieldset><!-- .no-border --><\/div><!-- .checkbox-group -->\n<\/div><!-- .checkbox-other-control-group -->\n\n                        \n          <\/td>\n\n        <\/tr>\n  \n        \n        <tr class=\"radio gemensam_middag-input-group\">\n\n          <th for=\"pdb-gemensam_middag-2\">Gemensam middag<\/th>\n\n          <td>\n\n            <div class=\"radio-group\">\n<fieldset class=\"no-border\">\n<legend class=\"screen-reader-text\">Gemensam middag<\/legend>\n<label for=\"pdb-gemensam_middag-jag-r-intresserad-2\">\n<input name=\"gemensam_middag\" id=\"pdb-gemensam_middag-jag-r-intresserad-2\" type=\"radio\" value=\"Jag \u00e4r intresserad\" \/>\nJag \u00e4r intresserad<\/label>\n<label for=\"pdb-gemensam_middag-inte-intresserad-2\">\n<input name=\"gemensam_middag\" id=\"pdb-gemensam_middag-inte-intresserad-2\" type=\"radio\" value=\"Inte intresserad\" \/>\nInte intresserad<\/label>\n<\/fieldset><!-- .no-border --><\/div><!-- .radio-group -->\n\n                        <span class=\"helptext\">Om tillr\u00e4ckligt intresse ordnar vi gemensam middag p\u00e5 l\u00f6rdagkv\u00e4llen.<\/span>\n                        \n          <\/td>\n\n        <\/tr>\n  \n        \n        <tr class=\"text-area \u00d6vrig_info___\u00f6nskem\u00e5l-input-group\">\n\n          <th for=\"pdb-\u00d6vrig_info___\u00f6nskem\u00e5l-2\">\u00d6vrig info \/ \u00f6nskem\u00e5l<\/th>\n\n          <td>\n\n            <textarea name=\"\u00d6vrig_info___\u00f6nskem\u00e5l\" rows=\"2\" cols=\"40\" id=\"pdb-\u00d6vrig_info___\u00f6nskem\u00e5l-2\"><\/textarea>\n\n                        \n          <\/td>\n\n        <\/tr>\n  \n        \n        <tr class=\"image-upload photo-input-group\">\n\n          <th for=\"pdb-photo-2\">Bifogad bild<\/th>\n\n          <td>\n\n            <div class=\"pdb-upload\">\n<input name=\"MAX_FILE_SIZE\" type=\"hidden\" value=\"16777216\" \/>\n\n<input name=\"photo\" type=\"hidden\" value=\"\" \/>\n\n<input name=\"photo\" id=\"pdb-photo-2\" type=\"file\" value=\"\" \/>\n<\/div>\n\n                        <span class=\"helptext\">L\u00e4gg till bild p\u00e5 n\u00e5gon av dina modeller...(ej \u00e5,\u00e4,\u00f6 i filnamn och ej st\u00f6rre fil \u00e4n 2 Mb). Publiceras p\u00e5 tr\u00e4ffens hemsida. <\/span>\n                        \n          <\/td>\n\n        <\/tr>\n  \n        \n        <tr class=\"captcha inte_robot-input-group\">\n\n          <th for=\"pdb-inte_robot-2\">Inte robot<\/th>\n\n          <td>\n\n            <input name=\"inte_robot[]\" type=\"hidden\" value=\"%7B%22type%22%3A%22recaptcha%22%2C%22nonce%22%3A%22%22%2C%22info%22%3A%5B%5D%7D\" \/>\n\n\n        <input type=\"hidden\" name=\"inte_robot[]\" value=\"recaptcha-widget\" \/>\n\n      \n      <div id=\"recaptcha-widget\"><\/div>\n\n      \n\n                        \n          <\/td>\n\n        <\/tr>\n  \n                \n        <\/tbody>\n\n            \n        <tbody class=\"field-group field-group-submit\">\n      \n        <tr>\n          <td class=\"submit-buttons\">\n            \n           <input name=\"submit_button\" class=\"button-primary pdb-submit\" type=\"submit\" value=\"Skicka anm\u00e4lan\" \/>\n            \n          <\/td>\n          <td class=\"submit-buttons\">\n            \n                      \n          <\/td>\n        <\/tr>\n        \n      <\/tbody>\n      \n    <\/table>\n    \n  <\/form>  \n<\/div>\n\n\n\n<p><\/p>\n","protected":false},"excerpt":{"rendered":"<p>Anm\u00e4lningsformul\u00e4r \u00d6stersundstr\u00e4ffen 2026 Om du skickar med en bild p\u00e5 din favoritmodell till\u00e5ter du ocks\u00e5 att vi publicerar den p\u00e5 tr\u00e4ffens hemsida. I och med att du anm\u00e4ler dig till &#8230;<\/p>\n","protected":false},"author":2,"featured_media":334,"parent":0,"menu_order":0,"comment_status":"closed","ping_status":"closed","template":"template-fullwidth.php","meta":{"footnotes":""},"class_list":["post-821","page","type-page","status-publish","has-post-thumbnail","hentry"],"acf":[],"_links":{"self":[{"href":"https:\/\/ostersundstraffen.se\/index.php?rest_route=\/wp\/v2\/pages\/821","targetHints":{"allow":["GET"]}}],"collection":[{"href":"https:\/\/ostersundstraffen.se\/index.php?rest_route=\/wp\/v2\/pages"}],"about":[{"href":"https:\/\/ostersundstraffen.se\/index.php?rest_route=\/wp\/v2\/types\/page"}],"author":[{"embeddable":true,"href":"https:\/\/ostersundstraffen.se\/index.php?rest_route=\/wp\/v2\/users\/2"}],"replies":[{"embeddable":true,"href":"https:\/\/ostersundstraffen.se\/index.php?rest_route=%2Fwp%2Fv2%2Fcomments&post=821"}],"version-history":[{"count":25,"href":"https:\/\/ostersundstraffen.se\/index.php?rest_route=\/wp\/v2\/pages\/821\/revisions"}],"predecessor-version":[{"id":1515,"href":"https:\/\/ostersundstraffen.se\/index.php?rest_route=\/wp\/v2\/pages\/821\/revisions\/1515"}],"wp:featuredmedia":[{"embeddable":true,"href":"https:\/\/ostersundstraffen.se\/index.php?rest_route=\/wp\/v2\/media\/334"}],"wp:attachment":[{"href":"https:\/\/ostersundstraffen.se\/index.php?rest_route=%2Fwp%2Fv2%2Fmedia&parent=821"}],"curies":[{"name":"wp","href":"https:\/\/api.w.org\/{rel}","templated":true}]}}